{"id":19,"date":"2023-09-21T09:46:53","date_gmt":"2023-09-21T09:46:53","guid":{"rendered":"https:\/\/lerntraining-baumgarten.de\/?page_id=19"},"modified":"2023-09-21T11:39:27","modified_gmt":"2023-09-21T11:39:27","slug":"ueber-mich","status":"publish","type":"page","link":"https:\/\/lerntraining-baumgarten.de\/?page_id=19","title":{"rendered":"\u00dcber mich"},"content":{"rendered":"\n<ul class=\"wp-block-list\">\n<li>Geboren 1987 in Filderstadt<\/li>\n\n\n\n<li>Verheiratet, Mutter von drei Kindern<\/li>\n\n\n\n<li>Aufgewachsen in Marburg (Abitur 2007)<\/li>\n\n\n\n<li>2008-2013 Studium in Gie\u00dfen: F\u00f6rderschullehramt mit Fach Mathematik<\/li>\n\n\n\n<li>2013-2015 Referendariat an einer F\u00f6rderschule in Bad Arolsen<\/li>\n\n\n\n<li>2015-2016 T\u00e4tigkeit als Lehrerin an einer inklusiven Grundschule in Berlin<\/li>\n\n\n\n<li>2016-2023 T\u00e4tigkeiten als Lehrerin an F\u00f6rderschulen in K\u00f6ln und D\u00fcsseldorf<\/li>\n\n\n\n<li>2022 Fortbildung zur Lerntherapeutin an der IEK K\u00f6ln<\/li>\n<\/ul>\n","protected":false},"excerpt":{"rendered":"","protected":false},"author":2,"featured_media":0,"parent":0,"menu_order":0,"comment_status":"closed","ping_status":"closed","template":"","meta":{"site-sidebar-layout":"default","site-content-layout":"","ast-site-content-layout":"","site-content-style":"default","site-sidebar-style":"default","ast-global-header-display":"","ast-banner-title-visibility":"","ast-main-header-display":"","ast-hfb-above-header-display":"","ast-hfb-below-header-display":"","ast-hfb-mobile-header-display":"","site-post-title":"","ast-breadcrumbs-content":"","ast-featured-img":"","footer-sml-layout":"","theme-transparent-header-meta":"","adv-header-id-meta":"","stick-header-meta":"","header-above-stick-meta":"","header-main-stick-meta":"","header-below-stick-meta":"","astra-migrate-meta-layouts":"","footnotes":""},"class_list":["post-19","page","type-page","status-publish","hentry"],"yoast_head":"<!-- This site is optimized with the Yoast SEO plugin v21.2 - https:\/\/yoast.com\/wordpress\/plugins\/seo\/ -->\n<title>\u00dcber mich - Lerntraining Baumgarten<\/title>\n<meta name=\"robots\" content=\"index, follow, max-snippet:-1, max-image-preview:large, max-video-preview:-1\" \/>\n<link rel=\"canonical\" href=\"https:\/\/lerntraining-baumgarten.de\/?page_id=19\" \/>\n<meta property=\"og:locale\" content=\"de_DE\" \/>\n<meta property=\"og:type\" content=\"article\" \/>\n<meta property=\"og:title\" content=\"\u00dcber mich - Lerntraining Baumgarten\" \/>\n<meta property=\"og:url\" content=\"https:\/\/lerntraining-baumgarten.de\/?page_id=19\" \/>\n<meta property=\"og:site_name\" content=\"Lerntraining Baumgarten\" \/>\n<meta property=\"article:modified_time\" content=\"2023-09-21T11:39:27+00:00\" \/>\n<meta name=\"twitter:card\" content=\"summary_large_image\" \/>\n<meta name=\"twitter:label1\" content=\"Gesch\u00e4tzte Lesezeit\" \/>\n\t<meta name=\"twitter:data1\" content=\"1\u00a0Minute\" \/>\n<script type=\"application\/ld+json\" class=\"yoast-schema-graph\">{\"@context\":\"https:\/\/schema.org\",\"@graph\":[{\"@type\":\"WebPage\",\"@id\":\"https:\/\/lerntraining-baumgarten.de\/?page_id=19\",\"url\":\"https:\/\/lerntraining-baumgarten.de\/?page_id=19\",\"name\":\"\u00dcber mich - Lerntraining Baumgarten\",\"isPartOf\":{\"@id\":\"https:\/\/lerntraining-baumgarten.de\/#website\"},\"datePublished\":\"2023-09-21T09:46:53+00:00\",\"dateModified\":\"2023-09-21T11:39:27+00:00\",\"breadcrumb\":{\"@id\":\"https:\/\/lerntraining-baumgarten.de\/?page_id=19#breadcrumb\"},\"inLanguage\":\"de\",\"potentialAction\":[{\"@type\":\"ReadAction\",\"target\":[\"https:\/\/lerntraining-baumgarten.de\/?page_id=19\"]}]},{\"@type\":\"BreadcrumbList\",\"@id\":\"https:\/\/lerntraining-baumgarten.de\/?page_id=19#breadcrumb\",\"itemListElement\":[{\"@type\":\"ListItem\",\"position\":1,\"name\":\"Startseite\",\"item\":\"https:\/\/lerntraining-baumgarten.de\/\"},{\"@type\":\"ListItem\",\"position\":2,\"name\":\"\u00dcber mich\"}]},{\"@type\":\"WebSite\",\"@id\":\"https:\/\/lerntraining-baumgarten.de\/#website\",\"url\":\"https:\/\/lerntraining-baumgarten.de\/\",\"name\":\"Lerntraining Baumgarten\",\"description\":\"\",\"potentialAction\":[{\"@type\":\"SearchAction\",\"target\":{\"@type\":\"EntryPoint\",\"urlTemplate\":\"https:\/\/lerntraining-baumgarten.de\/?s={search_term_string}\"},\"query-input\":\"required name=search_term_string\"}],\"inLanguage\":\"de\"}]}<\/script>\n<!-- \/ Yoast SEO plugin. -->","yoast_head_json":{"title":"\u00dcber mich - Lerntraining Baumgarten","robots":{"index":"index","follow":"follow","max-snippet":"max-snippet:-1","max-image-preview":"max-image-preview:large","max-video-preview":"max-video-preview:-1"},"canonical":"https:\/\/lerntraining-baumgarten.de\/?page_id=19","og_locale":"de_DE","og_type":"article","og_title":"\u00dcber mich - Lerntraining Baumgarten","og_url":"https:\/\/lerntraining-baumgarten.de\/?page_id=19","og_site_name":"Lerntraining Baumgarten","article_modified_time":"2023-09-21T11:39:27+00:00","twitter_card":"summary_large_image","twitter_misc":{"Gesch\u00e4tzte Lesezeit":"1\u00a0Minute"},"schema":{"@context":"https:\/\/schema.org","@graph":[{"@type":"WebPage","@id":"https:\/\/lerntraining-baumgarten.de\/?page_id=19","url":"https:\/\/lerntraining-baumgarten.de\/?page_id=19","name":"\u00dcber mich - Lerntraining Baumgarten","isPartOf":{"@id":"https:\/\/lerntraining-baumgarten.de\/#website"},"datePublished":"2023-09-21T09:46:53+00:00","dateModified":"2023-09-21T11:39:27+00:00","breadcrumb":{"@id":"https:\/\/lerntraining-baumgarten.de\/?page_id=19#breadcrumb"},"inLanguage":"de","potentialAction":[{"@type":"ReadAction","target":["https:\/\/lerntraining-baumgarten.de\/?page_id=19"]}]},{"@type":"BreadcrumbList","@id":"https:\/\/lerntraining-baumgarten.de\/?page_id=19#breadcrumb","itemListElement":[{"@type":"ListItem","position":1,"name":"Startseite","item":"https:\/\/lerntraining-baumgarten.de\/"},{"@type":"ListItem","position":2,"name":"\u00dcber mich"}]},{"@type":"WebSite","@id":"https:\/\/lerntraining-baumgarten.de\/#website","url":"https:\/\/lerntraining-baumgarten.de\/","name":"Lerntraining Baumgarten","description":"","potentialAction":[{"@type":"SearchAction","target":{"@type":"EntryPoint","urlTemplate":"https:\/\/lerntraining-baumgarten.de\/?s={search_term_string}"},"query-input":"required name=search_term_string"}],"inLanguage":"de"}]}},"_links":{"self":[{"href":"https:\/\/lerntraining-baumgarten.de\/index.php?rest_route=\/wp\/v2\/pages\/19","targetHints":{"allow":["GET"]}}],"collection":[{"href":"https:\/\/lerntraining-baumgarten.de\/index.php?rest_route=\/wp\/v2\/pages"}],"about":[{"href":"https:\/\/lerntraining-baumgarten.de\/index.php?rest_route=\/wp\/v2\/types\/page"}],"author":[{"embeddable":true,"href":"https:\/\/lerntraining-baumgarten.de\/index.php?rest_route=\/wp\/v2\/users\/2"}],"replies":[{"embeddable":true,"href":"https:\/\/lerntraining-baumgarten.de\/index.php?rest_route=%2Fwp%2Fv2%2Fcomments&post=19"}],"version-history":[{"count":4,"href":"https:\/\/lerntraining-baumgarten.de\/index.php?rest_route=\/wp\/v2\/pages\/19\/revisions"}],"predecessor-version":[{"id":31,"href":"https:\/\/lerntraining-baumgarten.de\/index.php?rest_route=\/wp\/v2\/pages\/19\/revisions\/31"}],"wp:attachment":[{"href":"https:\/\/lerntraining-baumgarten.de\/index.php?rest_route=%2Fwp%2Fv2%2Fmedia&parent=19"}],"curies":[{"name":"wp","href":"https:\/\/api.w.org\/{rel}","templated":true}]}}